{"id":2,"date":"2016-05-10T03:48:21","date_gmt":"2016-05-10T03:48:21","guid":{"rendered":"http:\/\/kerstin-krupp.de\/?page_id=2"},"modified":"2017-07-11T16:23:14","modified_gmt":"2017-07-11T16:23:14","slug":"sample-page","status":"publish","type":"page","link":"https:\/\/kerstin-krupp.de\/","title":{"rendered":"Ich bin&#8230; mache&#8230; biete"},"content":{"rendered":"<p class=\"selectionShareable\" style=\"text-align: left;\">Kerstin Krupp ist Absolventin der K\u00f6lner Journalistenschule f\u00fcr Politik und Wirtschaft und hat an der Universit\u00e4t zu K\u00f6ln Volkswirtschaft und Sozialwissenschaften studiert.\u00a0Erste Praxiserfahrung sammelte sie neben anderen im Spiegel-B\u00fcro in Paris, im WDR-H\u00f6rfunk in K\u00f6ln, verschiedenen Lokalzeitungen oder der Fernsehproduktion R1.Nach mehr als 15 Jahren als politische Redakteurin mit den Themenschwerpunkten Umwelt- und Energiepolitik, arbeitet Kerstin Krupp seit drei Jahren kulturpolitische\u00a0 Korrespondentin desselben Blattes. Dar\u00fcberhinaus hat sie w\u00e4hrend ihrer gesamten Laufbahn immer wieder die Aufarbeitung der NS-Zeit beruflich besch\u00e4ftigt.\u00a0Ihre Geschichten sind auch in der Frankfurter Rundschau oder Stuttgarter Zeitung erschienen, fanden den Weg in Schulb\u00fcchern oder in die Publikationen der Bundesregierung aufgenommen. Die Reportage &#8222;Die zweite Reihe&#8220; wurde in das Buch &#8222;Die Ostdeutschen &#8211; 25 Wege in ein neues Land&#8220; (Ch. Links Verlag, 2014) aufgenommen.<\/p>\n","protected":false},"excerpt":{"rendered":"<p>Kerstin Krupp ist Absolventin der K\u00f6lner Journalistenschule f\u00fcr Politik und Wirtschaft und hat an der Universit\u00e4t zu K\u00f6ln Volkswirtschaft und Sozialwissenschaften studiert.\u00a0Erste Praxiserfahrung sammelte sie neben anderen im Spiegel-B\u00fcro in Paris, im WDR-H\u00f6rfunk in K\u00f6ln, verschiedenen Lokalzeitungen oder der Fernsehproduktion R1.Nach mehr als 15 Jahren als politische Redakteurin mit den &hellip;<\/p>\n","protected":false},"author":1,"featured_media":0,"parent":0,"menu_order":0,"comment_status":"closed","ping_status":"open","template":"","meta":{"footnotes":""},"class_list":["post-2","page","type-page","status-publish","hentry"],"_links":{"self":[{"href":"https:\/\/kerstin-krupp.de\/index.php?rest_route=\/wp\/v2\/pages\/2"}],"collection":[{"href":"https:\/\/kerstin-krupp.de\/index.php?rest_route=\/wp\/v2\/pages"}],"about":[{"href":"https:\/\/kerstin-krupp.de\/index.php?rest_route=\/wp\/v2\/types\/page"}],"author":[{"embeddable":true,"href":"https:\/\/kerstin-krupp.de\/index.php?rest_route=\/wp\/v2\/users\/1"}],"replies":[{"embeddable":true,"href":"https:\/\/kerstin-krupp.de\/index.php?rest_route=%2Fwp%2Fv2%2Fcomments&post=2"}],"version-history":[{"count":6,"href":"https:\/\/kerstin-krupp.de\/index.php?rest_route=\/wp\/v2\/pages\/2\/revisions"}],"predecessor-version":[{"id":124,"href":"https:\/\/kerstin-krupp.de\/index.php?rest_route=\/wp\/v2\/pages\/2\/revisions\/124"}],"wp:attachment":[{"href":"https:\/\/kerstin-krupp.de\/index.php?rest_route=%2Fwp%2Fv2%2Fmedia&parent=2"}],"curies":[{"name":"wp","href":"https:\/\/api.w.org\/{rel}","templated":true}]}}